{"id":1775,"date":"2022-05-13T01:23:40","date_gmt":"2022-05-13T01:23:40","guid":{"rendered":"https:\/\/indihouseofreggae.com\/location\/"},"modified":"2023-08-24T16:11:08","modified_gmt":"2023-08-24T16:11:08","slug":"location","status":"publish","type":"page","link":"https:\/\/indihouseofreggae.com\/pt-br\/location\/","title":{"rendered":"localiza\u00e7\u00e3o"},"content":{"rendered":"\t\t<div data-elementor-type=\"wp-page\" data-elementor-id=\"1775\" class=\"elementor elementor-1775\" data-elementor-post-type=\"page\">\n\t\t\t\t<div class=\"elementor-element elementor-element-b88b89c e-flex e-con-boxed e-con e-parent\" data-id=\"b88b89c\" data-element_type=\"container\" data-e-type=\"container\" data-settings=\"{&quot;background_background&quot;:&quot;classic&quot;}\">\n\t\t\t\t\t<div class=\"e-con-inner\">\n\t\t\t\t<div class=\"elementor-element elementor-element-c89da96 elementor-widget elementor-widget-heading\" data-id=\"c89da96\" data-element_type=\"widget\" data-e-type=\"widget\" data-widget_type=\"heading.default\">\n\t\t\t\t<div class=\"elementor-widget-container\">\n\t\t\t\t\t<h1 class=\"elementor-heading-title elementor-size-default\">\u00c9 F\u00c1CIL ENCONTRAR-NOS<\/h1>\t\t\t\t<\/div>\n\t\t\t\t<\/div>\n\t\t\t\t\t<\/div>\n\t\t\t\t<\/div>\n\t\t<div class=\"elementor-element elementor-element-b888674 e-con-full e-flex e-con e-parent\" data-id=\"b888674\" data-element_type=\"container\" data-e-type=\"container\">\n\t\t\t\t<div class=\"elementor-element elementor-element-e1e2f97 elementor-widget elementor-widget-google_maps\" data-id=\"e1e2f97\" data-element_type=\"widget\" data-e-type=\"widget\" data-widget_type=\"google_maps.default\">\n\t\t\t\t<div class=\"elementor-widget-container\">\n\t\t\t\t\t\t\t<div class=\"elementor-custom-embed\">\n\t\t\t<iframe loading=\"lazy\"\n\t\t\t\t\tsrc=\"https:\/\/maps.google.com\/maps?q=in%20di%20house%20of%20reggae&#038;t=m&#038;z=14&#038;output=embed&#038;iwloc=near\"\n\t\t\t\t\ttitle=\"in di house of reggae\"\n\t\t\t\t\taria-label=\"in di house of reggae\"\n\t\t\t><\/iframe>\n\t\t<\/div>\n\t\t\t\t\t\t<\/div>\n\t\t\t\t<\/div>\n\t\t\t\t<\/div>\n\t\t<div class=\"elementor-element elementor-element-4c92990 e-flex e-con-boxed e-con e-parent\" data-id=\"4c92990\" data-element_type=\"container\" data-e-type=\"container\" data-settings=\"{&quot;background_background&quot;:&quot;classic&quot;}\">\n\t\t\t\t\t<div class=\"e-con-inner\">\n\t\t\t\t<div class=\"elementor-element elementor-element-8e0117a elementor-widget elementor-widget-heading\" data-id=\"8e0117a\" data-element_type=\"widget\" data-e-type=\"widget\" data-settings=\"{&quot;motion_fx_motion_fx_scrolling&quot;:&quot;yes&quot;,&quot;motion_fx_devices&quot;:[&quot;desktop&quot;,&quot;tablet&quot;,&quot;mobile&quot;]}\" data-widget_type=\"heading.default\">\n\t\t\t\t<div class=\"elementor-widget-container\">\n\t\t\t\t\t<h2 class=\"elementor-heading-title elementor-size-default\">SIGA-NOS NO INSTAGRAM<\/h2>\t\t\t\t<\/div>\n\t\t\t\t<\/div>\n\t\t\t\t<div class=\"elementor-element elementor-element-a5bc3fb elementor-widget elementor-widget-stratum-instagram\" data-id=\"a5bc3fb\" data-element_type=\"widget\" data-e-type=\"widget\" data-widget_type=\"stratum-instagram.default\">\n\t\t\t\t<div class=\"elementor-widget-container\">\n\t\t\t\t\t<p>The access token could not be decrypted. Your access token is currently invalid. <a href=\"https:\/\/indihouseofreggae.com\/wp-admin\/admin.php?page=stratum-settings#stratum_api\" target=\"_blank\">Please re-authorize your Instagram account<\/a>.<\/p>\t\t\t\t<\/div>\n\t\t\t\t<\/div>\n\t\t\t\t\t<\/div>\n\t\t\t\t<\/div>\n\t\t<div class=\"elementor-element elementor-element-8843428 e-flex e-con-boxed e-con e-parent\" data-id=\"8843428\" data-element_type=\"container\" data-e-type=\"container\" data-settings=\"{&quot;background_background&quot;:&quot;classic&quot;}\">\n\t\t\t\t\t<div class=\"e-con-inner\">\n\t\t<div class=\"elementor-element elementor-element-c444a25 e-con-full e-flex e-con e-child\" data-id=\"c444a25\" data-element_type=\"container\" data-e-type=\"container\">\n\t\t\t\t<div class=\"elementor-element elementor-element-e86b1b4 elementor-widget elementor-widget-heading\" data-id=\"e86b1b4\" data-element_type=\"widget\" data-e-type=\"widget\" data-settings=\"{&quot;motion_fx_motion_fx_scrolling&quot;:&quot;yes&quot;,&quot;motion_fx_devices&quot;:[&quot;desktop&quot;,&quot;tablet&quot;,&quot;mobile&quot;]}\" data-widget_type=\"heading.default\">\n\t\t\t\t<div class=\"elementor-widget-container\">\n\t\t\t\t\t<h2 class=\"elementor-heading-title elementor-size-default\">CONTATO<\/h2>\t\t\t\t<\/div>\n\t\t\t\t<\/div>\n\t\t\t\t<div class=\"elementor-element elementor-element-27ffc27 elementor-icon-list--layout-inline elementor-align-start elementor-mobile-align-center elementor-tablet-align-center elementor-list-item-link-full_width elementor-widget elementor-widget-icon-list\" data-id=\"27ffc27\" data-element_type=\"widget\" data-e-type=\"widget\" data-widget_type=\"icon-list.default\">\n\t\t\t\t<div class=\"elementor-widget-container\">\n\t\t\t\t\t\t\t<ul class=\"elementor-icon-list-items elementor-inline-items\">\n\t\t\t\t\t\t\t<li class=\"elementor-icon-list-item elementor-inline-item\">\n\t\t\t\t\t\t\t\t\t\t\t<a href=\"https:\/\/api.whatsapp.com\/send?phone=573118861742\">\n\n\t\t\t\t\t\t\t\t\t\t\t\t<span class=\"elementor-icon-list-icon\">\n\t\t\t\t\t\t\t<i aria-hidden=\"true\" class=\"fas fa-phone\"><\/i>\t\t\t\t\t\t<\/span>\n\t\t\t\t\t\t\t\t\t\t<span class=\"elementor-icon-list-text\">+(57) 311 8861742<\/span>\n\t\t\t\t\t\t\t\t\t\t\t<\/a>\n\t\t\t\t\t\t\t\t\t<\/li>\n\t\t\t\t\t\t\t\t<li class=\"elementor-icon-list-item elementor-inline-item\">\n\t\t\t\t\t\t\t\t\t\t\t<span class=\"elementor-icon-list-icon\">\n\t\t\t\t\t\t\t<i aria-hidden=\"true\" class=\"fas fa-map-marker-alt\"><\/i>\t\t\t\t\t\t<\/span>\n\t\t\t\t\t\t\t\t\t\t<span class=\"elementor-icon-list-text\">Via Circunvalar, Rocosa<\/span>\n\t\t\t\t\t\t\t\t\t<\/li>\n\t\t\t\t\t\t\t\t<li class=\"elementor-icon-list-item elementor-inline-item\">\n\t\t\t\t\t\t\t\t\t\t\t<span class=\"elementor-icon-list-icon\">\n\t\t\t\t\t\t\t<i aria-hidden=\"true\" class=\"far fa-clock\"><\/i>\t\t\t\t\t\t<\/span>\n\t\t\t\t\t\t\t\t\t\t<span class=\"elementor-icon-list-text\">06:00 - 23:00<\/span>\n\t\t\t\t\t\t\t\t\t<\/li>\n\t\t\t\t\t\t<\/ul>\n\t\t\t\t\t\t<\/div>\n\t\t\t\t<\/div>\n\t\t\t\t<\/div>\n\t\t<div class=\"elementor-element elementor-element-9451148 e-con-full e-flex e-con e-child\" data-id=\"9451148\" data-element_type=\"container\" data-e-type=\"container\">\n\t\t\t\t<div class=\"elementor-element elementor-element-21fdc72 elementor-button-align-end elementor-tablet-button-align-center elementor-widget elementor-widget-form\" data-id=\"21fdc72\" data-element_type=\"widget\" data-e-type=\"widget\" data-settings=\"{&quot;step_next_label&quot;:&quot;Seguinte&quot;,&quot;step_previous_label&quot;:&quot;Anterior&quot;,&quot;button_width&quot;:&quot;100&quot;,&quot;step_type&quot;:&quot;number_text&quot;,&quot;step_icon_shape&quot;:&quot;circle&quot;}\" data-widget_type=\"form.default\">\n\t\t\t\t<div class=\"elementor-widget-container\">\n\t\t\t\t\t\t\t<form class=\"elementor-form\" method=\"post\" name=\"Novo formul\u00e1rio\" aria-label=\"Novo formul\u00e1rio\">\n\t\t\t<input type=\"hidden\" name=\"post_id\" value=\"1775\"\/>\n\t\t\t<input type=\"hidden\" name=\"form_id\" value=\"21fdc72\"\/>\n\t\t\t<input type=\"hidden\" name=\"referer_title\" value=\"localiza\u00e7\u00e3o - In Di House of Reggae\" \/>\n\n\t\t\t\t\t\t\t<input type=\"hidden\" name=\"queried_id\" value=\"1775\"\/>\n\t\t\t\n\t\t\t<div class=\"elementor-form-fields-wrapper elementor-labels-\">\n\t\t\t\t\t\t\t\t<div class=\"elementor-field-type-text elementor-field-group elementor-column elementor-field-group-name elementor-col-100 elementor-field-required\">\n\t\t\t\t\t\t\t\t\t\t\t\t<label for=\"form-field-name\" class=\"elementor-field-label elementor-screen-only\">\n\t\t\t\t\t\t\t\tNome\t\t\t\t\t\t\t<\/label>\n\t\t\t\t\t\t\t\t\t\t\t\t\t\t<input size=\"1\" type=\"text\" name=\"form_fields[name]\" id=\"form-field-name\" class=\"elementor-field elementor-size-md  elementor-field-textual\" placeholder=\"Nome\" required=\"required\">\n\t\t\t\t\t\t\t\t\t\t\t<\/div>\n\t\t\t\t\t\t\t\t<div class=\"elementor-field-type-tel elementor-field-group elementor-column elementor-field-group-field_1 elementor-col-100\">\n\t\t\t\t\t\t\t\t\t\t\t\t<label for=\"form-field-field_1\" class=\"elementor-field-label elementor-screen-only\">\n\t\t\t\t\t\t\t\tTelefone\t\t\t\t\t\t\t<\/label>\n\t\t\t\t\t\t\t\t<input size=\"1\" type=\"tel\" name=\"form_fields[field_1]\" id=\"form-field-field_1\" class=\"elementor-field elementor-size-md  elementor-field-textual\" placeholder=\"Telefone\" pattern=\"[0-9()#&amp;+*-=.]+\" title=\"Apenas n\u00fameros e caracteres de telefone (#, -, *, etc.) s\u00e3o aceitos.\">\n\n\t\t\t\t\t\t<\/div>\n\t\t\t\t\t\t\t\t<div class=\"elementor-field-type-email elementor-field-group elementor-column elementor-field-group-email elementor-col-100 elementor-field-required\">\n\t\t\t\t\t\t\t\t\t\t\t\t<label for=\"form-field-email\" class=\"elementor-field-label elementor-screen-only\">\n\t\t\t\t\t\t\t\tCorreio eletr\u00f3nico\t\t\t\t\t\t\t<\/label>\n\t\t\t\t\t\t\t\t\t\t\t\t\t\t<input size=\"1\" type=\"email\" name=\"form_fields[email]\" id=\"form-field-email\" class=\"elementor-field elementor-size-md  elementor-field-textual\" placeholder=\"Correio eletr\u00f3nico\" required=\"required\">\n\t\t\t\t\t\t\t\t\t\t\t<\/div>\n\t\t\t\t\t\t\t\t<div class=\"elementor-field-type-recaptcha_v3 elementor-field-group elementor-column elementor-field-group-field_b2a3ef9 elementor-col-100 recaptcha_v3-bottomright\">\n\t\t\t\t\t<div class=\"elementor-field\" id=\"form-field-field_b2a3ef9\"><div class=\"elementor-g-recaptcha\" data-sitekey=\"6LdJhH8dAAAAACxypbILvxownHcQptLcOPOBhIMV\" data-type=\"v3\" data-action=\"Form\" data-badge=\"bottomright\" data-size=\"invisible\"><\/div><\/div>\t\t\t\t<\/div>\n\t\t\t\t\t\t\t\t<div class=\"elementor-field-group elementor-column elementor-field-type-submit elementor-col-100 e-form__buttons\">\n\t\t\t\t\t<button class=\"elementor-button elementor-size-md\" type=\"submit\">\n\t\t\t\t\t\t<span class=\"elementor-button-content-wrapper\">\n\t\t\t\t\t\t\t\t\t\t\t\t\t\t\t<span class=\"elementor-button-icon\">\n\t\t\t\t\t\t\t\t\t<i aria-hidden=\"true\" class=\"far fa-envelope\"><\/i>\t\t\t\t\t\t\t\t\t\t\t\t\t\t\t\t\t<\/span>\n\t\t\t\t\t\t\t\t\t\t\t\t\t\t\t\t\t\t\t\t\t\t<span class=\"elementor-button-text\">Contacte-nos em<\/span>\n\t\t\t\t\t\t\t\t\t\t\t\t\t<\/span>\n\t\t\t\t\t<\/button>\n\t\t\t\t<\/div>\n\t\t\t<\/div>\n\t\t<\/form>\n\t\t\t\t\t\t<\/div>\n\t\t\t\t<\/div>\n\t\t\t\t<\/div>\n\t\t\t\t\t<\/div>\n\t\t\t\t<\/div>\n\t\t\t\t<\/div>\n\t\t","protected":false},"excerpt":{"rendered":"<p>\u00c9 F\u00c1CIL ENCONTRAR-NOS SIGA-NOS NO INSTAGRAM CONTATO +(57) 311 8861742 Via Circunvalar, Rocosa 06:00 &#8211; 23:00<\/p>\n","protected":false},"author":4,"featured_media":0,"parent":0,"menu_order":0,"comment_status":"closed","ping_status":"closed","template":"","meta":{"footnotes":""},"class_list":["post-1775","page","type-page","status-publish","hentry"],"yoast_head":"<!-- This site is optimized with the Yoast SEO plugin v27.2 - https:\/\/yoast.com\/product\/yoast-seo-wordpress\/ -->\n<title>localiza\u00e7\u00e3o - In Di House of Reggae<\/title>\n<meta name=\"robots\" content=\"index, follow, max-snippet:-1, max-image-preview:large, max-video-preview:-1\" \/>\n<link rel=\"canonical\" href=\"https:\/\/indihouseofreggae.com\/pt-br\/location\/\" \/>\n<meta property=\"og:locale\" content=\"pt_BR\" \/>\n<meta property=\"og:type\" content=\"article\" \/>\n<meta property=\"og:title\" content=\"localiza\u00e7\u00e3o - In Di House of Reggae\" \/>\n<meta property=\"og:description\" content=\"\u00c9 F\u00c1CIL ENCONTRAR-NOS SIGA-NOS NO INSTAGRAM CONTATO +(57) 311 8861742 Via Circunvalar, Rocosa 06:00 &#8211; 23:00\" \/>\n<meta property=\"og:url\" content=\"https:\/\/indihouseofreggae.com\/pt-br\/location\/\" \/>\n<meta property=\"og:site_name\" content=\"In Di House of Reggae\" \/>\n<meta property=\"article:modified_time\" content=\"2023-08-24T16:11:08+00:00\" \/>\n<meta name=\"twitter:card\" content=\"summary_large_image\" \/>\n<meta name=\"twitter:label1\" content=\"Est. tempo de leitura\" \/>\n\t<meta name=\"twitter:data1\" content=\"1 minuto\" \/>\n<script type=\"application\/ld+json\" class=\"yoast-schema-graph\">{\"@context\":\"https:\/\/schema.org\",\"@graph\":[{\"@type\":\"WebPage\",\"@id\":\"https:\/\/indihouseofreggae.com\/pt-br\/location\/\",\"url\":\"https:\/\/indihouseofreggae.com\/pt-br\/location\/\",\"name\":\"localiza\u00e7\u00e3o - In Di House of Reggae\",\"isPartOf\":{\"@id\":\"https:\/\/indihouseofreggae.com\/pt-br\/#website\"},\"datePublished\":\"2022-05-13T01:23:40+00:00\",\"dateModified\":\"2023-08-24T16:11:08+00:00\",\"breadcrumb\":{\"@id\":\"https:\/\/indihouseofreggae.com\/pt-br\/location\/#breadcrumb\"},\"inLanguage\":\"pt-BR\",\"potentialAction\":[{\"@type\":\"ReadAction\",\"target\":[\"https:\/\/indihouseofreggae.com\/pt-br\/location\/\"]}]},{\"@type\":\"BreadcrumbList\",\"@id\":\"https:\/\/indihouseofreggae.com\/pt-br\/location\/#breadcrumb\",\"itemListElement\":[{\"@type\":\"ListItem\",\"position\":1,\"name\":\"Portada\",\"item\":\"https:\/\/indihouseofreggae.com\/pt-br\/\"},{\"@type\":\"ListItem\",\"position\":2,\"name\":\"localiza\u00e7\u00e3o\"}]},{\"@type\":\"WebSite\",\"@id\":\"https:\/\/indihouseofreggae.com\/pt-br\/#website\",\"url\":\"https:\/\/indihouseofreggae.com\/pt-br\/\",\"name\":\"In Di House of Reggae\",\"description\":\"\",\"publisher\":{\"@id\":\"https:\/\/indihouseofreggae.com\/pt-br\/#organization\"},\"potentialAction\":[{\"@type\":\"SearchAction\",\"target\":{\"@type\":\"EntryPoint\",\"urlTemplate\":\"https:\/\/indihouseofreggae.com\/pt-br\/?s={search_term_string}\"},\"query-input\":{\"@type\":\"PropertyValueSpecification\",\"valueRequired\":true,\"valueName\":\"search_term_string\"}}],\"inLanguage\":\"pt-BR\"},{\"@type\":\"Organization\",\"@id\":\"https:\/\/indihouseofreggae.com\/pt-br\/#organization\",\"name\":\"In Di House of Reggae\",\"url\":\"https:\/\/indihouseofreggae.com\/pt-br\/\",\"logo\":{\"@type\":\"ImageObject\",\"inLanguage\":\"pt-BR\",\"@id\":\"https:\/\/indihouseofreggae.com\/pt-br\/#\/schema\/logo\/image\/\",\"url\":\"https:\/\/indihouseofreggae.com\/wp-content\/uploads\/2022\/05\/cropped-logo-2.png\",\"contentUrl\":\"https:\/\/indihouseofreggae.com\/wp-content\/uploads\/2022\/05\/cropped-logo-2.png\",\"width\":1278,\"height\":635,\"caption\":\"In Di House of Reggae\"},\"image\":{\"@id\":\"https:\/\/indihouseofreggae.com\/pt-br\/#\/schema\/logo\/image\/\"}}]}<\/script>\n<!-- \/ Yoast SEO plugin. -->","yoast_head_json":{"title":"localiza\u00e7\u00e3o - In Di House of Reggae","robots":{"index":"index","follow":"follow","max-snippet":"max-snippet:-1","max-image-preview":"max-image-preview:large","max-video-preview":"max-video-preview:-1"},"canonical":"https:\/\/indihouseofreggae.com\/pt-br\/location\/","og_locale":"pt_BR","og_type":"article","og_title":"localiza\u00e7\u00e3o - In Di House of Reggae","og_description":"\u00c9 F\u00c1CIL ENCONTRAR-NOS SIGA-NOS NO INSTAGRAM CONTATO +(57) 311 8861742 Via Circunvalar, Rocosa 06:00 &#8211; 23:00","og_url":"https:\/\/indihouseofreggae.com\/pt-br\/location\/","og_site_name":"In Di House of Reggae","article_modified_time":"2023-08-24T16:11:08+00:00","twitter_card":"summary_large_image","twitter_misc":{"Est. tempo de leitura":"1 minuto"},"schema":{"@context":"https:\/\/schema.org","@graph":[{"@type":"WebPage","@id":"https:\/\/indihouseofreggae.com\/pt-br\/location\/","url":"https:\/\/indihouseofreggae.com\/pt-br\/location\/","name":"localiza\u00e7\u00e3o - In Di House of Reggae","isPartOf":{"@id":"https:\/\/indihouseofreggae.com\/pt-br\/#website"},"datePublished":"2022-05-13T01:23:40+00:00","dateModified":"2023-08-24T16:11:08+00:00","breadcrumb":{"@id":"https:\/\/indihouseofreggae.com\/pt-br\/location\/#breadcrumb"},"inLanguage":"pt-BR","potentialAction":[{"@type":"ReadAction","target":["https:\/\/indihouseofreggae.com\/pt-br\/location\/"]}]},{"@type":"BreadcrumbList","@id":"https:\/\/indihouseofreggae.com\/pt-br\/location\/#breadcrumb","itemListElement":[{"@type":"ListItem","position":1,"name":"Portada","item":"https:\/\/indihouseofreggae.com\/pt-br\/"},{"@type":"ListItem","position":2,"name":"localiza\u00e7\u00e3o"}]},{"@type":"WebSite","@id":"https:\/\/indihouseofreggae.com\/pt-br\/#website","url":"https:\/\/indihouseofreggae.com\/pt-br\/","name":"In Di House of Reggae","description":"","publisher":{"@id":"https:\/\/indihouseofreggae.com\/pt-br\/#organization"},"potentialAction":[{"@type":"SearchAction","target":{"@type":"EntryPoint","urlTemplate":"https:\/\/indihouseofreggae.com\/pt-br\/?s={search_term_string}"},"query-input":{"@type":"PropertyValueSpecification","valueRequired":true,"valueName":"search_term_string"}}],"inLanguage":"pt-BR"},{"@type":"Organization","@id":"https:\/\/indihouseofreggae.com\/pt-br\/#organization","name":"In Di House of Reggae","url":"https:\/\/indihouseofreggae.com\/pt-br\/","logo":{"@type":"ImageObject","inLanguage":"pt-BR","@id":"https:\/\/indihouseofreggae.com\/pt-br\/#\/schema\/logo\/image\/","url":"https:\/\/indihouseofreggae.com\/wp-content\/uploads\/2022\/05\/cropped-logo-2.png","contentUrl":"https:\/\/indihouseofreggae.com\/wp-content\/uploads\/2022\/05\/cropped-logo-2.png","width":1278,"height":635,"caption":"In Di House of Reggae"},"image":{"@id":"https:\/\/indihouseofreggae.com\/pt-br\/#\/schema\/logo\/image\/"}}]}},"_links":{"self":[{"href":"https:\/\/indihouseofreggae.com\/pt-br\/wp-json\/wp\/v2\/pages\/1775","targetHints":{"allow":["GET"]}}],"collection":[{"href":"https:\/\/indihouseofreggae.com\/pt-br\/wp-json\/wp\/v2\/pages"}],"about":[{"href":"https:\/\/indihouseofreggae.com\/pt-br\/wp-json\/wp\/v2\/types\/page"}],"author":[{"embeddable":true,"href":"https:\/\/indihouseofreggae.com\/pt-br\/wp-json\/wp\/v2\/users\/4"}],"replies":[{"embeddable":true,"href":"https:\/\/indihouseofreggae.com\/pt-br\/wp-json\/wp\/v2\/comments?post=1775"}],"version-history":[{"count":6,"href":"https:\/\/indihouseofreggae.com\/pt-br\/wp-json\/wp\/v2\/pages\/1775\/revisions"}],"predecessor-version":[{"id":2331,"href":"https:\/\/indihouseofreggae.com\/pt-br\/wp-json\/wp\/v2\/pages\/1775\/revisions\/2331"}],"wp:attachment":[{"href":"https:\/\/indihouseofreggae.com\/pt-br\/wp-json\/wp\/v2\/media?parent=1775"}],"curies":[{"name":"wp","href":"https:\/\/api.w.org\/{rel}","templated":true}]}}